{"id":12,"date":"2014-04-28T18:35:53","date_gmt":"2014-04-28T16:35:53","guid":{"rendered":"http:\/\/www.este-radweg.de\/?page_id=12"},"modified":"2021-05-06T16:06:06","modified_gmt":"2021-05-06T14:06:06","slug":"ruhen-rasten-reparieren","status":"publish","type":"page","link":"https:\/\/www.este-radweg.de\/?page_id=12","title":{"rendered":"Ruhen, Rasten, Reparieren"},"content":{"rendered":"<p>Hier finden Sie eine Auswahl der Betriebe am Este-Radweg, die Angebote f\u00fcr Radler bereithalten.<\/p>\n<table border=\"0\" width=\"100%\">\n<tbody>\n<tr>\n<td width=\"43%\"><strong>Service<\/strong><\/td>\n<td colspan=\"2\">&nbsp;<\/td>\n<\/tr>\n<tr>\n<td width=\"43%\" height=\"24\"><strong>&nbsp;Star-Tankstelle<\/strong><br \/>\nTostedter Stra\u00dfe 1<br \/>\n21279 Hollenstedt<br \/>\n04165-8661<\/td>\n<td width=\"26%\" height=\"24\"><b>Fahrrad Narten<\/b><br \/>\nInh. Sven H\u00f6r<br \/>\nK\u00f6tnerstr. 14<br \/>\n21255 Tostedt<br \/>\nTel: 04182-5568<\/td>\n<td width=\"31%\" height=\"24\"><b>Fahrrad Louis<\/b><br \/>\nBahnhofstr. 51<br \/>\n21255 Tostedt<br \/>\nTel: 04182-5730<\/td>\n<\/tr>\n<tr>\n<td width=\"43%\" height=\"11\">&nbsp;<b>Gastronomie und Unterkunft<\/b><\/td>\n<td colspan=\"2\" height=\"11\">&nbsp;<\/td>\n<\/tr>\n<tr>\n<td width=\"43%\"><b>Ferien auf der Heid&#8216;<\/b><br \/>\nKarlsteinweg 45-47<br \/>\n21279 Eversen-Heide<br \/>\nTel: 04165-97230<\/td>\n<td colspan=\"2\"><b>Ferienwohnung Hof Bohling<\/b><br \/>\nBremer Str. 51<br \/>\n21255 Wistedt<br \/>\nTel: 04182-21806\/ 0176-38577642<br \/>\nsylvia@hof-bohling.de<br \/>\nwww.hof-bohling.de<\/td>\n<\/tr>\n<\/tbody>\n<\/table>\n","protected":false},"excerpt":{"rendered":"<p>Hier finden Sie eine Auswahl der Betriebe am Este-Radweg, die Angebote f\u00fcr Radler bereithalten. Service &nbsp; &nbsp;Star-Tankstelle Tostedter Stra\u00dfe 1 21279 Hollenstedt 04165-8661 Fahrrad Narten Inh. Sven H\u00f6r K\u00f6tnerstr. 14 21255 Tostedt Tel: 04182-5568 Fahrrad Louis Bahnhofstr. 51 21255 Tostedt Tel: 04182-5730 &nbsp;Gastronomie und Unterkunft &nbsp; Ferien auf der Heid&#8216; Karlsteinweg 45-47 21279 Eversen-Heide Tel: &hellip; <a href=\"https:\/\/www.este-radweg.de\/?page_id=12\" class=\"more-link\"><span class=\"screen-reader-text\">Ruhen, Rasten, Reparieren<\/span> weiterlesen <span class=\"meta-nav\">&rarr;<\/span><\/a><\/p>\n","protected":false},"author":1,"featured_media":0,"parent":0,"menu_order":3,"comment_status":"closed","ping_status":"closed","template":"","meta":{"footnotes":""},"_links":{"self":[{"href":"https:\/\/www.este-radweg.de\/index.php?rest_route=\/wp\/v2\/pages\/12"}],"collection":[{"href":"https:\/\/www.este-radweg.de\/index.php?rest_route=\/wp\/v2\/pages"}],"about":[{"href":"https:\/\/www.este-radweg.de\/index.php?rest_route=\/wp\/v2\/types\/page"}],"author":[{"embeddable":true,"href":"https:\/\/www.este-radweg.de\/index.php?rest_route=\/wp\/v2\/users\/1"}],"replies":[{"embeddable":true,"href":"https:\/\/www.este-radweg.de\/index.php?rest_route=%2Fwp%2Fv2%2Fcomments&post=12"}],"version-history":[{"count":5,"href":"https:\/\/www.este-radweg.de\/index.php?rest_route=\/wp\/v2\/pages\/12\/revisions"}],"predecessor-version":[{"id":113,"href":"https:\/\/www.este-radweg.de\/index.php?rest_route=\/wp\/v2\/pages\/12\/revisions\/113"}],"wp:attachment":[{"href":"https:\/\/www.este-radweg.de\/index.php?rest_route=%2Fwp%2Fv2%2Fmedia&parent=12"}],"curies":[{"name":"wp","href":"https:\/\/api.w.org\/{rel}","templated":true}]}}