{"id":2,"date":"2014-04-28T15:36:59","date_gmt":"2014-04-28T13:36:59","guid":{"rendered":"http:\/\/www.este-radweg.de\/?page_id=2"},"modified":"2014-04-28T19:11:58","modified_gmt":"2014-04-28T17:11:58","slug":"start","status":"publish","type":"page","link":"https:\/\/www.este-radweg.de\/","title":{"rendered":"Este-Radweg"},"content":{"rendered":"<h2>&#8230;.. <span style=\"color: #3366ff;\"><span style=\"color: #000000;\">die sch\u00f6nste Verbindung zwischen W\u00fcmme- und Elbe-Radweg<\/span><br \/>\n<\/span><\/h2>\n<p style=\"text-align: justify;\">Hier finden Sie alle Informationen, die Sie f\u00fcr die Planung Ihrer Radtour auf diesem Weg brauchen.<\/p>\n<p style=\"text-align: justify;\">Der <strong><span style=\"color: #3366ff;\">Este-Radweg<\/span><\/strong> f\u00fchrt vom <strong>Bahnhof Wintermoor<\/strong> bis nach <strong>Cranz<\/strong> an der Elbe. Er verbindet somit den <span style=\"color: #3366ff;\"><strong>Weser- \u00fcber den W\u00fcmme-Radweg<\/strong><\/span> mit dem <strong><span style=\"color: #3366ff;\">Elbe-Radweg<\/span><\/strong>. In <strong>Hollenstedt<\/strong> &#8211; genau auf der H\u00e4lfte der Strecke &#8211; kreuzt der <span style=\"color: #3366ff;\"><strong>Hamburg-Bremen-Radweg<\/strong><\/span>.<\/p>\n<p style=\"text-align: justify;\">Der <strong><span style=\"color: #3366ff;\">Este-Radweg<\/span><\/strong> ist knapp 65 km lang und hat keine wesentlichen Steigungen. Die Strecke ist gr\u00f6\u00dftenteils asphaltiert, nur kurze Abschnitte f\u00fchren \u00fcber Feld- oder Sandwege.<\/p>\n<p style=\"text-align: justify;\">Sie haben sehr gute Anbindungen an den \u00f6ffentlichen Nahverkehr. Daher kann der Radweg auch gut in Teilabschnitten oder in Kombination mit den oben genannten Radwegen befahren werden. Rast- und \u00dcbernachtungsm\u00f6glichkeiten sind ausreichend vorhanden.<\/p>\n<p style=\"text-align: justify;\">Wir w\u00fcnschen Ihnen eine sch\u00f6ne Radreise!<\/p>\n","protected":false},"excerpt":{"rendered":"<p>&#8230;.. die sch\u00f6nste Verbindung zwischen W\u00fcmme- und Elbe-Radweg Hier finden Sie alle Informationen, die Sie f\u00fcr die Planung Ihrer Radtour auf diesem Weg brauchen. Der Este-Radweg f\u00fchrt vom Bahnhof Wintermoor bis nach Cranz an der Elbe. Er verbindet somit den Weser- \u00fcber den W\u00fcmme-Radweg mit dem Elbe-Radweg. In Hollenstedt &#8211; genau auf der H\u00e4lfte der &hellip; <a href=\"https:\/\/www.este-radweg.de\/\" class=\"more-link\"><span class=\"screen-reader-text\">Este-Radweg<\/span> weiterlesen <span class=\"meta-nav\">&rarr;<\/span><\/a><\/p>\n","protected":false},"author":1,"featured_media":0,"parent":0,"menu_order":0,"comment_status":"closed","ping_status":"closed","template":"","meta":{"footnotes":""},"_links":{"self":[{"href":"https:\/\/www.este-radweg.de\/index.php?rest_route=\/wp\/v2\/pages\/2"}],"collection":[{"href":"https:\/\/www.este-radweg.de\/index.php?rest_route=\/wp\/v2\/pages"}],"about":[{"href":"https:\/\/www.este-radweg.de\/index.php?rest_route=\/wp\/v2\/types\/page"}],"author":[{"embeddable":true,"href":"https:\/\/www.este-radweg.de\/index.php?rest_route=\/wp\/v2\/users\/1"}],"replies":[{"embeddable":true,"href":"https:\/\/www.este-radweg.de\/index.php?rest_route=%2Fwp%2Fv2%2Fcomments&post=2"}],"version-history":[{"count":7,"href":"https:\/\/www.este-radweg.de\/index.php?rest_route=\/wp\/v2\/pages\/2\/revisions"}],"predecessor-version":[{"id":30,"href":"https:\/\/www.este-radweg.de\/index.php?rest_route=\/wp\/v2\/pages\/2\/revisions\/30"}],"wp:attachment":[{"href":"https:\/\/www.este-radweg.de\/index.php?rest_route=%2Fwp%2Fv2%2Fmedia&parent=2"}],"curies":[{"name":"wp","href":"https:\/\/api.w.org\/{rel}","templated":true}]}}