{"id":33,"date":"2014-04-28T20:58:27","date_gmt":"2014-04-28T18:58:27","guid":{"rendered":"http:\/\/www.este-radweg.de\/?page_id=33"},"modified":"2023-10-08T21:21:52","modified_gmt":"2023-10-08T19:21:52","slug":"aktuelles","status":"publish","type":"page","link":"https:\/\/www.este-radweg.de\/?page_id=33","title":{"rendered":"Aktuelles"},"content":{"rendered":"<p><strong>ACHTUNG: \u00c4nderung in der Streckenf\u00fchrung in und um Buxtehude!<\/strong><\/p>\n<p>in und um <strong>Buxtehude<\/strong> gibt es erhebliche Ver\u00e4nderungen in der Streckenf\u00fchrung. Grund daf\u00fcr ist die Integration des Este-Radweges in ein neues Radwegekonzept.<\/p>\n<p><strong>Hier die Beschreibung der neuen Streckenf\u00fchrung:<\/strong><\/p>\n<p>Von Moisburg kommend der L141 (L\u00fcneburger Schanze\/ Moisburger Str.) folgen. Nachdem Sie die Schanzenstra\u00dfe (rechts) passiert haben und links der Este-M\u00fchlenteich zu sehen ist, bitte RECHTS abbiegen! Folgen Sie dem kombinierten Rad- und Fu\u00dfweg ca. 500 m bis zum Hinweisschild &#8222;Wasser-Schutzgebiet&#8220;. Dort scharf LINKS abbiegen und dem Verlauf folgen. Vorsicht bei der Unterquerung der Eisenbahn! Sofort danach RECHTS rum und dem Lauf der Este (befindet sich auf der linken Seite) folgen. Dann RECHTS halten und auf den Radweg an der Hansestra\u00dfe fahren. Je nach Verkehrslage ist es evtl. ratsam auf die rechte Stra\u00dfenseite zu wechseln. Ob das Radfahren auf dem &#8222;linken&#8220; Radweg gestattet ist, wird gerade gepr\u00fcft. Weiter \u00fcber die Poststra\u00dfe\/ Grothe-Maria-Stra\u00dfe, Kottmeierstra\u00dfe (nur rechts), Viverstra\u00dfe\/ Halepaghenstra\u00dfe bis zur Kreuzung Lange Stra\u00dfe\/ Harburger Stra\u00dfe. Hier biegen Sie RECHTS ab (bzw. benutzen die \u00dcberwege, falls Sie auf dem &#8222;linken&#8220; Radweg gefahren sind) und dann sofort wieder LINKS in die Moorender Stra\u00dfe. Jetzt sind Sie wieder auf dem alten Verlauf des Este-Radweges!<\/p>\n<p>In der Gegenrichtung (von Cranz kommend), bitte analog der Hansestra\u00dfe folgen und dann nach der Poststra\u00dfe RECHTS dem Radweg Richtung Este folgen. Bleiben Sie auf dem Radweg bis Sie die Moisburger Stra\u00dfe erreichen. Dort dann LINKS Richtung Moisburg!<\/p>\n<p>In der Fu\u00dfg\u00e4ngerzone &#8222;<strong>Lange Stra\u00dfe<\/strong>&#8220; (ehemaliger Verlauf) ist t\u00e4glich von 10 &#8211; 19 Uhr <strong>Radfahren verboten<\/strong>. Wer unbedingt durch die Innenstadt radeln m\u00f6chte, kann vorher links in die Poststra\u00dfe abbiegen. Beim Radeln \u00fcber <strong>Ostfleth\/ Westfleth<\/strong> ausweichen (zu Fu\u00df \u00fcber die <strong>Ritterstra\u00dfe<\/strong> zu erreichen). Bitte am Ende vom <strong>Westfleth<\/strong> rechts \u00fcber die Br\u00fccke und dann links \u00fcber die Ampel zur <strong>Moorender Stra\u00dfe<\/strong>. Vom Norden her einfach in die Lange Stra\u00dfe fahren, dann aber schieben oder die Fu\u00dfg\u00e4ngerzone irgendwie umfahren.<\/p>\n<p>Der <strong>Nindorfer Weg\/ Zum Lehmfeld<\/strong> zwischen <strong>Moisburg<\/strong> und <strong>Daensen<\/strong> ist streckenweise durch die anhaltende Trockenheit sehr sandig. Es besteht die Gefahr mit dem Rad zu st\u00fcrzen. Unge\u00fcbte Radler, Familien mit Kindern und Anh\u00e4ngergespanne weichen bitte \u00fcber die <strong>L 141<\/strong> aus. Leider f\u00fchrt der Radweg hier nur einseitig an der stark befahrenen Stra\u00dfe entlang. Hinter Moisburg (Richtung Buxtehude) ist ausserdem eine <strong>kr\u00e4ftige Steigung<\/strong> zu bew\u00e4ltigen (auf 500 m rd. 25 m H\u00f6henunterschied = 5%). Bergab geht es sehr flott. Bitte die engen Kurven und die zum Teil sehr schlechte Beschaffenheit des Radweges beachten. Hier ist es sicherer auf der Fahrbahn zu radeln.<\/p>\n<hr \/>\n<p>Zwischen <strong>Hoinkenbostel<\/strong> und <strong>Todtgl\u00fcsingen<\/strong> ist der Wirtschaftsweg in <strong>H\u00f6he der Fischteiche<\/strong> je nach Wetterlage schlecht zu befahren. Es bilden sich gro\u00dfe Pf\u00fctzen und der Untergrund ist zum Teil stark aufgeweicht, da das Regenwasser nicht abflie\u00dfen kann. Wer Fahrrad und Nerven schonen will, biegt am Ortsende von <strong>Hoinkenbostel<\/strong> rechts ab <strong>Richtung Este\/ Bundesstra\u00dfe 3<\/strong>. Dann nach 500 m links ab nach <strong>Langeloh<\/strong>.\u00a0 Von <strong>Langeloh<\/strong> \u00fcber die <strong>Lohberger Stra\u00dfe (K 57)<\/strong> bis zur <strong>Kreuzung Harburger Stra\u00dfe\/ Niedersachsenstra\u00dfe<\/strong>. Dann der Niedersachsenstra\u00dfe links bis zum Bahnhof Tostedt folgen. In entgegengesetzter Richtung analog.<\/p>\n<hr \/>\n<p>Ab <strong>Bahnhof Wintermoor<\/strong> fehlt teilweise noch die Beschilderung. Bitte zun\u00e4chst nach links dem <strong><span style=\"color: #3366ff;\">W\u00fcmme-Radweg<\/span><\/strong> folgen, dann aber im <strong>Ehrhorner Heuweg <span style=\"color: #ff0000;\">NICHT<\/span><\/strong> den Rechtsschlenker fahren, sondern geradeaus weiter. Dann nach der scharfen Rechtskurve dem <strong>Ottermoorer Weg<\/strong> bis zur <strong>Moorstra\u00dfe<\/strong> folgen. Die Wege in und um Wintermoor wurden inzwischen sehr gut ausgebaut und sind bei jedem Wetter zu befahren.<\/p>\n","protected":false},"excerpt":{"rendered":"<p>ACHTUNG: \u00c4nderung in der Streckenf\u00fchrung in und um Buxtehude! in und um Buxtehude gibt es erhebliche Ver\u00e4nderungen in der Streckenf\u00fchrung. Grund daf\u00fcr ist die Integration des Este-Radweges in ein neues Radwegekonzept. Hier die Beschreibung der neuen Streckenf\u00fchrung: Von Moisburg kommend der L141 (L\u00fcneburger Schanze\/ Moisburger Str.) folgen. Nachdem Sie die Schanzenstra\u00dfe (rechts) passiert haben und &hellip; <a href=\"https:\/\/www.este-radweg.de\/?page_id=33\" class=\"more-link\"><span class=\"screen-reader-text\">Aktuelles<\/span> weiterlesen <span class=\"meta-nav\">&rarr;<\/span><\/a><\/p>\n","protected":false},"author":1,"featured_media":0,"parent":0,"menu_order":1,"comment_status":"closed","ping_status":"closed","template":"","meta":{"footnotes":""},"_links":{"self":[{"href":"https:\/\/www.este-radweg.de\/index.php?rest_route=\/wp\/v2\/pages\/33"}],"collection":[{"href":"https:\/\/www.este-radweg.de\/index.php?rest_route=\/wp\/v2\/pages"}],"about":[{"href":"https:\/\/www.este-radweg.de\/index.php?rest_route=\/wp\/v2\/types\/page"}],"author":[{"embeddable":true,"href":"https:\/\/www.este-radweg.de\/index.php?rest_route=\/wp\/v2\/users\/1"}],"replies":[{"embeddable":true,"href":"https:\/\/www.este-radweg.de\/index.php?rest_route=%2Fwp%2Fv2%2Fcomments&post=33"}],"version-history":[{"count":11,"href":"https:\/\/www.este-radweg.de\/index.php?rest_route=\/wp\/v2\/pages\/33\/revisions"}],"predecessor-version":[{"id":122,"href":"https:\/\/www.este-radweg.de\/index.php?rest_route=\/wp\/v2\/pages\/33\/revisions\/122"}],"wp:attachment":[{"href":"https:\/\/www.este-radweg.de\/index.php?rest_route=%2Fwp%2Fv2%2Fmedia&parent=33"}],"curies":[{"name":"wp","href":"https:\/\/api.w.org\/{rel}","templated":true}]}}