{"id":85,"date":"2014-05-30T20:20:47","date_gmt":"2014-05-30T18:20:47","guid":{"rendered":"http:\/\/www.este-radweg.de\/?page_id=85"},"modified":"2014-05-30T20:32:45","modified_gmt":"2014-05-30T18:32:45","slug":"sehenswert","status":"publish","type":"page","link":"https:\/\/www.este-radweg.de\/?page_id=85","title":{"rendered":"Sehenswert"},"content":{"rendered":"<p>Begleiten Sie uns auf einer Radtour durch das Estetal. Wir haben diesen Weg vorgeschlagen, weil er viele interessante Punkte und Sehensw\u00fcrdigkeiten ber\u00fchrt. Achtung: Diese Etappen sind nicht ausgeschildert.<\/p>\n<figure id=\"attachment_80\" aria-describedby=\"caption-attachment-80\" style=\"width: 150px\" class=\"wp-caption alignleft\"><a href=\"https:\/\/www.este-radweg.de\/wp-content\/uploads\/2014\/05\/muehle_boet.jpg\"><img loading=\"lazy\" decoding=\"async\" class=\"size-thumbnail wp-image-80\" src=\"https:\/\/www.este-radweg.de\/wp-content\/uploads\/2014\/05\/muehle_boet-150x140.jpg\" alt=\"M\u00fchle B\u00f6tersheim\" width=\"150\" height=\"140\" \/><\/a><figcaption id=\"caption-attachment-80\" class=\"wp-caption-text\">M\u00fchle B\u00f6tersheim<\/figcaption><\/figure>\n<p><strong>1. Etappe:<\/strong> Von B\u00f6tersheim f\u00fchrt die Tour \u00fcber den Butterberg, Drestedt und den ehemaligen Milit\u00e4r-Flugplatz nach Wenzendorf und Wennerstorf.<br \/>\nBeginnen wir unsere Rundreise beim ehemaligen Rittergut in B\u00f6tersheim, folgen dem Lauf der Este, verlassen den Este-Wanderweg und erreichen \u00fcber den Butterberg die Ortschaft Drestedt. Dem Wegweiser Segelflugplatz folgend, f\u00fchrt uns der Weg nach Wenzendorf.<\/p>\n<figure id=\"attachment_51\" aria-describedby=\"caption-attachment-51\" style=\"width: 250px\" class=\"wp-caption alignright\"><a href=\"https:\/\/www.este-radweg.de\/wp-content\/uploads\/2014\/05\/flugplatz-wenzen.gif\"><img loading=\"lazy\" decoding=\"async\" class=\"size-full wp-image-51\" src=\"https:\/\/www.este-radweg.de\/wp-content\/uploads\/2014\/05\/flugplatz-wenzen.gif\" alt=\"Flugplatz Wenzendorf\" width=\"250\" height=\"162\" \/><\/a><figcaption id=\"caption-attachment-51\" class=\"wp-caption-text\">Flugplatz Wenzendorf<\/figcaption><\/figure>\n<p>Eine Besichtigung des alten Milit\u00e4rflughafens &#8211; heutiges Segelfluggel\u00e4nde &#8211; ist zu empfehlen. Bei gutem Wetter werden auch Rundfl\u00fcge angeboten. In Wenzendorf selbst gibt es noch ein paar von Steinmauern eingefa\u00dfte und eichenbestandene H\u00f6fe. Auf dem Weg nach Wennerstorf ist ein Abstecher zum Arpshof in Dierstorf zu empfehlen. (Bitte \u00d6ffnungszeiten beachten!)<\/p>\n<p><a href=\"https:\/\/www.este-radweg.de\/wp-content\/uploads\/2014\/05\/max-schmeling1.jpg\"><img loading=\"lazy\" decoding=\"async\" class=\"alignright wp-image-78 size-full\" src=\"https:\/\/www.este-radweg.de\/wp-content\/uploads\/2014\/05\/max-schmeling1.jpg\" alt=\"\" width=\"150\" height=\"236\" \/><\/a><\/p>\n<p><strong>2. Etappe:<\/strong> Vom Wennerstorfer \u00d6kologiehof startend besuchen wir die Heimat Max Schmelings, erfahren etwas \u00fcber die Geschichte der Alten Burg und erreichen \u00fcber Ochtmannsbruch und Halvesbostel das Etappenziel Regesbostel.<br \/>\nIn Wennerstorf wurde mit dem \u00d6kologiehof (einer Au\u00dfenstelle des Freilichtmuseum am Kiekeberg) ein innovativer Weg beschritten, um erhaltenswerte Bausubstanz zu bewahren und der \u00d6ffentlichkeit zug\u00e4nglich zu machen. Wir n\u00e4hern uns \u00fcber den Wennerstorfer Kirchweg und Dierstorf-Heide, der Heimat von Max Schmeling wieder der Este. Wir \u00fcberqueren die Este und stehen vor einem historischen Ringwall genannt Alte Burg aus dem 9. Jahrhundert zur Zeit Karl des Gro\u00dfens.<br \/>\n\u00dcber Ochtmannsbruch-Siedlung und den Erlenweg erreichen wir Ochtmannsbruch. Der Weg f\u00fchrt weiter an den Fischteichen vorbei, \u00fcber die Autobahn in die Stellheide, ein gro\u00dfes<\/p>\n<figure id=\"attachment_77\" aria-describedby=\"caption-attachment-77\" style=\"width: 250px\" class=\"wp-caption alignleft\"><a href=\"https:\/\/www.este-radweg.de\/wp-content\/uploads\/2014\/05\/litberg.jpg\"><img loading=\"lazy\" decoding=\"async\" class=\"size-full wp-image-77\" src=\"https:\/\/www.este-radweg.de\/wp-content\/uploads\/2014\/05\/litberg.jpg\" alt=\"Litberg\" width=\"250\" height=\"127\" \/><\/a><figcaption id=\"caption-attachment-77\" class=\"wp-caption-text\">Litberg<\/figcaption><\/figure>\n<p>zusammenh\u00e4ngendes Waldgebiet mit einigen Hochmooren. \u00dcber Hollinde, Halvesbostel und Holvede n\u00e4hern wir uns Regesbostel. Wir \u00fcberqueren den Staersbach, folgen der m\u00e4andernden Hauptstra\u00dfe zum Hohen Berg. Von dort sehen wir in nordwestlicher Richtung den Litberg. Dieser gelangte durch Karl-Friedrich Gau\u00df und seine Landvermessung zu Ber\u00fchmtheit.<\/p>\n<figure id=\"attachment_76\" aria-describedby=\"caption-attachment-76\" style=\"width: 150px\" class=\"wp-caption alignleft\"><a href=\"https:\/\/www.este-radweg.de\/wp-content\/uploads\/2014\/05\/kuesterhaus.jpg\"><img loading=\"lazy\" decoding=\"async\" class=\"size-thumbnail wp-image-76\" src=\"https:\/\/www.este-radweg.de\/wp-content\/uploads\/2014\/05\/kuesterhaus-150x150.jpg\" alt=\"K\u00fcsterhaus Hollenstedt\" width=\"150\" height=\"150\" \/><\/a><figcaption id=\"caption-attachment-76\" class=\"wp-caption-text\">K\u00fcsterhaus Hollenstedt<\/figcaption><\/figure>\n<p><strong>3. Etappe:<\/strong> Weiter geht es nach Staersbeck. Wir queren die Este Richtung Appel und Appelbeck. Nach einem ausgiebigen Besuch in Hollenstedt verlassen wir diesen Ort der Este folgend Richtung Moisburg.<br \/>\n\u00dcber Staersbeck, Wohlesbostel und Emmen erreichen wir wieder die Este. \u00dcber die Br\u00fccke und nach einem kurzen Anstieg sind wir in Appelbeck. Direkt an gro\u00dfe n Fischteichen gelegen, bietet sich hier Gelegenheit zu einer Wanderung um die Seen. Danach k\u00f6nnen Sie einkehren, das Freigehege besuchen oder Tretboot fahren.<br \/>\nWeiter geht es in einem gro\u00dfen Bogen \u00fcber Appel und Oldendorf nach Hollenstedt. In der Ortsmitte befindet sich die alte Feldsteinkirche mit dem h\u00f6lzernen Glockenturm. Gleich nebenan das K\u00fcsterhaus, das heute als \u00f6ffentliche B\u00fccherei und Veranstaltungsraum genutzt wird. Hollenstedt bietet vielf\u00e4ltige Freizeitm\u00f6glichkeiten wie das beheizte Freibad mit der gro\u00dfen Wasserrutsche (von Max Schmeling gespendet), Kanufahrten auf der Este nach Moisburg und Buxtehude. Wer nicht mit dem Kanu f\u00e4hrt, wandert jetzt auf dem Este-Wanderweg nach Moisburg. Ein Abstecher zum Waldlehrpfad am Bumbeck-Gehege lohnt immer.<\/p>\n<figure id=\"attachment_81\" aria-describedby=\"caption-attachment-81\" style=\"width: 150px\" class=\"wp-caption alignleft\"><a href=\"https:\/\/www.este-radweg.de\/wp-content\/uploads\/2014\/05\/muehle_neu.jpg\"><img loading=\"lazy\" decoding=\"async\" class=\"size-thumbnail wp-image-81\" src=\"https:\/\/www.este-radweg.de\/wp-content\/uploads\/2014\/05\/muehle_neu-150x150.jpg\" alt=\"M\u00fchle Moisburg\" width=\"150\" height=\"150\" \/><\/a><figcaption id=\"caption-attachment-81\" class=\"wp-caption-text\">M\u00fchle Moisburg<\/figcaption><\/figure>\n<p><strong>4. Etappe:<\/strong> Der Besuch in Moisburg verr\u00e4t uns viel \u00fcber die Geschichte des Estetals. Wir folgen weiter der Este, vorbei an Ottensen und erreichen Buxtehude.<br \/>\n\u00dcber Podendorf gelangen wir an den s\u00fcdwestlichen Ortsrand von Moisburg. Wir folgen der Alten Dorfstra\u00dfe, die wundersch\u00f6ne Blicke in die steil ansteigenden Gassen und Stra\u00dfen bietet. Zwischen Staersbach und Este gelegen, das Amtshaus.<\/p>\n<figure id=\"attachment_63\" aria-describedby=\"caption-attachment-63\" style=\"width: 150px\" class=\"wp-caption alignright\"><a href=\"https:\/\/www.este-radweg.de\/wp-content\/uploads\/2014\/05\/amtshaus_neu.jpg\"><img loading=\"lazy\" decoding=\"async\" class=\"size-thumbnail wp-image-63\" src=\"https:\/\/www.este-radweg.de\/wp-content\/uploads\/2014\/05\/amtshaus_neu-150x150.jpg\" alt=\"Amtshaus Moisburg\" width=\"150\" height=\"150\" \/><\/a><figcaption id=\"caption-attachment-63\" class=\"wp-caption-text\">Amtshaus Moisburg<\/figcaption><\/figure>\n<p>Ein imposanter Fachwerkbau, von dem aus in fr\u00fcheren Zeiten das &#8222;Amt Moisburg&#8220; verwaltet wurde. Gegen\u00fcber die Wasserm\u00fchle, die heute das M\u00fchlenmuseum (eine Au\u00dfenstelle des Freilichtmuseum am Kiekeberg) beherbergt. Sehenswert sind weiterhin die Kirche und die Papierm\u00fchle. Richtung Norden sto\u00dfen wir bei Ottensen schon an die Buxtehuder Stadtgrenzen. Hier endet unsere Tour.<\/p>\n<p>Wer mehr \u00fcber die einzelnen Sehensw\u00fcrdigkeiten wissen will, findet hier eine pdf-Datei zum Download&#8230;<a href=\"https:\/\/www.este-radweg.de\/wp-content\/uploads\/2014\/05\/radtour_estetal.pdf\">radtour_estetal<\/a><\/p>\n","protected":false},"excerpt":{"rendered":"<p>Begleiten Sie uns auf einer Radtour durch das Estetal. Wir haben diesen Weg vorgeschlagen, weil er viele interessante Punkte und Sehensw\u00fcrdigkeiten ber\u00fchrt. Achtung: Diese Etappen sind nicht ausgeschildert. 1. Etappe: Von B\u00f6tersheim f\u00fchrt die Tour \u00fcber den Butterberg, Drestedt und den ehemaligen Milit\u00e4r-Flugplatz nach Wenzendorf und Wennerstorf. Beginnen wir unsere Rundreise beim ehemaligen Rittergut in &hellip; <a href=\"https:\/\/www.este-radweg.de\/?page_id=85\" class=\"more-link\"><span class=\"screen-reader-text\">Sehenswert<\/span> weiterlesen <span class=\"meta-nav\">&rarr;<\/span><\/a><\/p>\n","protected":false},"author":1,"featured_media":0,"parent":0,"menu_order":6,"comment_status":"closed","ping_status":"closed","template":"","meta":{"footnotes":""},"_links":{"self":[{"href":"https:\/\/www.este-radweg.de\/index.php?rest_route=\/wp\/v2\/pages\/85"}],"collection":[{"href":"https:\/\/www.este-radweg.de\/index.php?rest_route=\/wp\/v2\/pages"}],"about":[{"href":"https:\/\/www.este-radweg.de\/index.php?rest_route=\/wp\/v2\/types\/page"}],"author":[{"embeddable":true,"href":"https:\/\/www.este-radweg.de\/index.php?rest_route=\/wp\/v2\/users\/1"}],"replies":[{"embeddable":true,"href":"https:\/\/www.este-radweg.de\/index.php?rest_route=%2Fwp%2Fv2%2Fcomments&post=85"}],"version-history":[{"count":4,"href":"https:\/\/www.este-radweg.de\/index.php?rest_route=\/wp\/v2\/pages\/85\/revisions"}],"predecessor-version":[{"id":90,"href":"https:\/\/www.este-radweg.de\/index.php?rest_route=\/wp\/v2\/pages\/85\/revisions\/90"}],"wp:attachment":[{"href":"https:\/\/www.este-radweg.de\/index.php?rest_route=%2Fwp%2Fv2%2Fmedia&parent=85"}],"curies":[{"name":"wp","href":"https:\/\/api.w.org\/{rel}","templated":true}]}}