{"id":9,"date":"2014-04-28T18:32:22","date_gmt":"2014-04-28T16:32:22","guid":{"rendered":"http:\/\/www.este-radweg.de\/?page_id=9"},"modified":"2024-01-20T17:12:48","modified_gmt":"2024-01-20T15:12:48","slug":"wegbeschreibung","status":"publish","type":"page","link":"https:\/\/www.este-radweg.de\/?page_id=9","title":{"rendered":"Wegbeschreibung"},"content":{"rendered":"<p style=\"text-align: justify;\">Vom <strong>Bahnhof Wintermoor<\/strong> aus geht es durch Felder, Wiesen und W\u00e4lder Richtung Norden. <strong>Welle<\/strong> an der B3 wird passiert. \u00dcber <strong>Hoinkenbostel<\/strong> f\u00fchrt der Weg mitten durch <strong>Tostedt<\/strong> mit Himmelsweg und Kirche. Danach wieder Felder und W\u00e4lder bis <strong>B\u00f6tersheim<\/strong> mit 1000-j\u00e4hriger Eiche und Wasserm\u00fchle. Weiter \u00fcber <strong>Drestedt<\/strong> und <strong>Dierstorf<\/strong> nach <strong>Hollenstedt<\/strong>. Vorbei an Kirche und K\u00fcsterhaus nach <strong>Appelbeck am See<\/strong> und weiter nach <strong>Moisburg<\/strong> mit Amtshaus und Wasserm\u00fchle. Von Moisburg \u00fcber <strong>Daensen<\/strong> und <strong>Pippensen<\/strong> nach <strong>Buxtehude<\/strong> mit historischer Altstadt und vielen Sehensw\u00fcrdigkeiten. Weiter entlang des Estedeiches \u00fcber <strong>Estebr\u00fcgge, K\u00f6nigreich und Hove<\/strong> zum Sperrwerk in <strong>Cranz<\/strong>.<\/p>\n<p style=\"text-align: justify;\">Sie k\u00f6nnen die Strecke nat\u00fcrlich auch ab <strong>Cranz<\/strong> Richtung S\u00fcden fahren.<\/p>\n<p>Hier der Streckenverlauf als <a href=\"https:\/\/www.este-radweg.de\/wp-content\/uploads\/2024\/01\/komplett_gross.pdf\" target=\"_blank\" rel=\"noopener\">pdf-Datei zum Download<\/a><\/p>\n<p>Hier ist der <a href=\"https:\/\/www.este-radweg.de\/Este-Radweg.kml\" target=\"_blank\" rel=\"noopener\">Track im KML-Format<\/a> zum Download. Auf der Website <a href=\"http:\/\/www.gpsies.com\/convert.do\" target=\"_blank\" rel=\"noopener\">www.gpsies.com\/convert.do<\/a> kann diese Datei in jedes andere Format konvertiert werden&#8230;<\/p>\n","protected":false},"excerpt":{"rendered":"<p>Vom Bahnhof Wintermoor aus geht es durch Felder, Wiesen und W\u00e4lder Richtung Norden. Welle an der B3 wird passiert. \u00dcber Hoinkenbostel f\u00fchrt der Weg mitten durch Tostedt mit Himmelsweg und Kirche. Danach wieder Felder und W\u00e4lder bis B\u00f6tersheim mit 1000-j\u00e4hriger Eiche und Wasserm\u00fchle. Weiter \u00fcber Drestedt und Dierstorf nach Hollenstedt. Vorbei an Kirche und K\u00fcsterhaus &hellip; <a href=\"https:\/\/www.este-radweg.de\/?page_id=9\" class=\"more-link\"><span class=\"screen-reader-text\">Wegbeschreibung<\/span> weiterlesen <span class=\"meta-nav\">&rarr;<\/span><\/a><\/p>\n","protected":false},"author":1,"featured_media":0,"parent":0,"menu_order":2,"comment_status":"closed","ping_status":"closed","template":"","meta":{"footnotes":""},"_links":{"self":[{"href":"https:\/\/www.este-radweg.de\/index.php?rest_route=\/wp\/v2\/pages\/9"}],"collection":[{"href":"https:\/\/www.este-radweg.de\/index.php?rest_route=\/wp\/v2\/pages"}],"about":[{"href":"https:\/\/www.este-radweg.de\/index.php?rest_route=\/wp\/v2\/types\/page"}],"author":[{"embeddable":true,"href":"https:\/\/www.este-radweg.de\/index.php?rest_route=\/wp\/v2\/users\/1"}],"replies":[{"embeddable":true,"href":"https:\/\/www.este-radweg.de\/index.php?rest_route=%2Fwp%2Fv2%2Fcomments&post=9"}],"version-history":[{"count":13,"href":"https:\/\/www.este-radweg.de\/index.php?rest_route=\/wp\/v2\/pages\/9\/revisions"}],"predecessor-version":[{"id":129,"href":"https:\/\/www.este-radweg.de\/index.php?rest_route=\/wp\/v2\/pages\/9\/revisions\/129"}],"wp:attachment":[{"href":"https:\/\/www.este-radweg.de\/index.php?rest_route=%2Fwp%2Fv2%2Fmedia&parent=9"}],"curies":[{"name":"wp","href":"https:\/\/api.w.org\/{rel}","templated":true}]}}